{"id":679,"date":"2021-10-25T20:45:53","date_gmt":"2021-10-25T18:45:53","guid":{"rendered":"https:\/\/singout.brussels\/?page_id=679"},"modified":"2021-10-29T15:21:06","modified_gmt":"2021-10-29T13:21:06","slug":"nous-engager","status":"publish","type":"page","link":"https:\/\/singout.brussels\/fr\/nous-engager\/","title":{"rendered":"Nous Engager"},"content":{"rendered":"\n<div class=\"wp-block-group alignfull has-background\" style=\"background-color:#ffe524;padding-top:200px\"><div class=\"wp-block-group__inner-container is-layout-flow wp-block-group-is-layout-flow\">\n<h1 class=\"has-text-align-center wp-block-heading\">NOUS ENGAGER<\/h1>\n\n\n\n<p>Vous organisez un \u00e9v\u00e9nement, un festival, un concert ? Vous cherchez une chorale originale pour animer votre mariage ? <\/p>\n\n\n\n<p>Nous participerons avec plaisir \u00e0 tout \u00e9v\u00e9nement permettant de faire conna\u00eetre notre projet et nos valeurs, si notre agenda le permet. Nous proposons des conditions adapt\u00e9es tout en veillant \u00e0 garantir le remboursement de nos frais. <\/p>\n\n\n\n<p>Contactez-nous via ce formulaire !<\/p>\n<\/div><\/div>\n\n\n\n<div class=\"wp-block-group alignfull has-background\" style=\"background-color:#ffe524;padding-top:50px\"><div class=\"wp-block-group__inner-container is-layout-flow wp-block-group-is-layout-flow\"><div class=\"wpcf7 no-js\" id=\"wpcf7-f385-o1\" lang=\"fr-FR\" dir=\"ltr\">\n<div class=\"screen-reader-response\"><p role=\"status\" aria-live=\"polite\" aria-atomic=\"true\"><\/p> <ul><\/ul><\/div>\n<form action=\"\/fr\/wp-json\/wp\/v2\/pages\/679#wpcf7-f385-o1\" method=\"post\" class=\"wpcf7-form init\" aria-label=\"Formulaire de contact\" novalidate=\"novalidate\" data-status=\"init\">\n<div style=\"display: none;\">\n<input type=\"hidden\" name=\"_wpcf7\" value=\"385\" \/>\n<input type=\"hidden\" name=\"_wpcf7_version\" value=\"5.7.2\" \/>\n<input type=\"hidden\" name=\"_wpcf7_locale\" value=\"fr_FR\" \/>\n<input type=\"hidden\" name=\"_wpcf7_unit_tag\" value=\"wpcf7-f385-o1\" \/>\n<input type=\"hidden\" name=\"_wpcf7_container_post\" value=\"0\" \/>\n<input type=\"hidden\" name=\"_wpcf7_posted_data_hash\" value=\"\" \/>\n<input type=\"hidden\" name=\"_wpcf7_recaptcha_response\" value=\"\" \/>\n<\/div>\n<p><label> Votre nom<br \/>\n<span class=\"wpcf7-form-control-wrap\" data-name=\"your-name\"><input size=\"40\" class=\"wpcf7-form-control wpcf7-text wpcf7-validates-as-required\" aria-required=\"true\" aria-invalid=\"false\" value=\"\" type=\"text\" name=\"your-name\" \/><\/span> <\/label>\n<\/p>\n<p><label> Votre email<br \/>\n<span class=\"wpcf7-form-control-wrap\" data-name=\"your-email\"><input size=\"40\" class=\"wpcf7-form-control wpcf7-text wpcf7-email wpcf7-validates-as-required wpcf7-validates-as-email\" aria-required=\"true\" aria-invalid=\"false\" value=\"\" type=\"email\" name=\"your-email\" \/><\/span> <\/label>\n<\/p>\n<p><label> Votre message<br \/>\n<span class=\"wpcf7-form-control-wrap\" data-name=\"your-message\"><textarea cols=\"40\" rows=\"10\" class=\"wpcf7-form-control wpcf7-textarea wpcf7-validates-as-required\" aria-required=\"true\" aria-invalid=\"false\" name=\"your-message\"><\/textarea><\/span> <\/label>\n<\/p>\n<p><input class=\"wpcf7-form-control has-spinner wpcf7-submit\" type=\"submit\" value=\"Envoyer\" \/>\n<\/p><div class=\"wpcf7-response-output\" aria-hidden=\"true\"><\/div><\/form><\/div>\n<\/div><\/div>\n\n\n\n<div class=\"wp-block-group alignfull sob-center has-background\" style=\"background-color:#ffe524\"><div class=\"wp-block-group__inner-container is-layout-flow wp-block-group-is-layout-flow\">\n<div class=\"wp-block-image\"><figure class=\"aligncenter size-large is-resized\"><img loading=\"lazy\" decoding=\"async\" src=\"https:\/\/singout.brussels\/wp-content\/uploads\/2021\/10\/SINGOUT_LOGO2_RGB_OK1-White-1024x768.png\" alt=\"Sing Out Logo White\" class=\"wp-image-461\" width=\"512\" height=\"384\" srcset=\"https:\/\/singout.brussels\/wp-content\/uploads\/2021\/10\/SINGOUT_LOGO2_RGB_OK1-White-1024x768.png 1024w, https:\/\/singout.brussels\/wp-content\/uploads\/2021\/10\/SINGOUT_LOGO2_RGB_OK1-White-300x225.png 300w, https:\/\/singout.brussels\/wp-content\/uploads\/2021\/10\/SINGOUT_LOGO2_RGB_OK1-White-768x576.png 768w, https:\/\/singout.brussels\/wp-content\/uploads\/2021\/10\/SINGOUT_LOGO2_RGB_OK1-White-1536x1152.png 1536w, https:\/\/singout.brussels\/wp-content\/uploads\/2021\/10\/SINGOUT_LOGO2_RGB_OK1-White-2048x1536.png 2048w, https:\/\/singout.brussels\/wp-content\/uploads\/2021\/10\/SINGOUT_LOGO2_RGB_OK1-White-1568x1176.png 1568w\" sizes=\"auto, (max-width: 512px) 100vw, 512px\" \/><\/figure><\/div>\n\n\n\n<h2 class=\"has-text-align-center has-black-color has-text-color wp-block-heading\">Abonne-toi \u00e0 notre newsletter <\/h2>\n\n\n<script>(function() {\n\twindow.mc4wp = window.mc4wp || {\n\t\tlisteners: [],\n\t\tforms: {\n\t\t\ton: function(evt, cb) {\n\t\t\t\twindow.mc4wp.listeners.push(\n\t\t\t\t\t{\n\t\t\t\t\t\tevent   : evt,\n\t\t\t\t\t\tcallback: cb\n\t\t\t\t\t}\n\t\t\t\t);\n\t\t\t}\n\t\t}\n\t}\n})();\n<\/script><!-- Mailchimp for WordPress v4.11.1 - https:\/\/wordpress.org\/plugins\/mailchimp-for-wp\/ --><form id=\"mc4wp-form-1\" class=\"mc4wp-form mc4wp-form-580\" method=\"post\" data-id=\"580\" data-name=\"Subscribe to our mailing list !\" ><div class=\"mc4wp-form-fields\"><input type=\"email\" name=\"EMAIL\" placeholder=\"Your email address\" required \/>\r\n<input type=\"submit\" value=\"Sign up\" \/><\/div><label style=\"display: none !important;\">Laissez ce champ vide si vous \u00eates humain\u00a0: <input type=\"text\" name=\"_mc4wp_honeypot\" value=\"\" tabindex=\"-1\" autocomplete=\"off\" \/><\/label><input type=\"hidden\" name=\"_mc4wp_timestamp\" value=\"1777652291\" \/><input type=\"hidden\" name=\"_mc4wp_form_id\" value=\"580\" \/><input type=\"hidden\" name=\"_mc4wp_form_element_id\" value=\"mc4wp-form-1\" \/><div class=\"mc4wp-response\"><\/div><\/form><!-- \/ Mailchimp for WordPress Plugin -->\n<\/div><\/div>\n","protected":false},"excerpt":{"rendered":"<p>NOUS ENGAGER Vous organisez un \u00e9v\u00e9nement, un festival, un concert ? Vous cherchez une chorale originale pour animer votre mariage ? Nous participerons avec plaisir \u00e0 tout \u00e9v\u00e9nement permettant de faire conna\u00eetre notre projet et nos valeurs, si notre agenda le permet. Nous proposons des conditions adapt\u00e9es tout en veillant \u00e0 garantir le remboursement de&hellip; <a class=\"more-link\" href=\"https:\/\/singout.brussels\/fr\/nous-engager\/\">Poursuivre la lecture <span class=\"screen-reader-text\">Nous Engager<\/span><\/a><\/p>\n","protected":false},"author":1,"featured_media":0,"parent":0,"menu_order":0,"comment_status":"closed","ping_status":"closed","template":"tw-no-title.php","meta":{"footnotes":""},"class_list":["post-679","page","type-page","status-publish","hentry","entry"],"yoast_head":"<!-- This site is optimized with the Yoast SEO plugin v19.14 - https:\/\/yoast.com\/wordpress\/plugins\/seo\/ -->\n<title>Nous Engager - Sing Out Brussels!<\/title>\n<meta name=\"robots\" content=\"index, follow, max-snippet:-1, max-image-preview:large, max-video-preview:-1\" \/>\n<link rel=\"canonical\" href=\"https:\/\/singout.brussels\/fr\/nous-engager\/\" \/>\n<meta property=\"og:locale\" content=\"fr_FR\" \/>\n<meta property=\"og:type\" content=\"article\" \/>\n<meta property=\"og:title\" content=\"Nous Engager - Sing Out Brussels!\" \/>\n<meta property=\"og:description\" content=\"NOUS ENGAGER Vous organisez un \u00e9v\u00e9nement, un festival, un concert ? Vous cherchez une chorale originale pour animer votre mariage ? Nous participerons avec plaisir \u00e0 tout \u00e9v\u00e9nement permettant de faire conna\u00eetre notre projet et nos valeurs, si notre agenda le permet. Nous proposons des conditions adapt\u00e9es tout en veillant \u00e0 garantir le remboursement de&hellip; Poursuivre la lecture Nous Engager\" \/>\n<meta property=\"og:url\" content=\"https:\/\/singout.brussels\/fr\/nous-engager\/\" \/>\n<meta property=\"og:site_name\" content=\"Sing Out Brussels!\" \/>\n<meta property=\"article:modified_time\" content=\"2021-10-29T13:21:06+00:00\" \/>\n<meta property=\"og:image\" content=\"https:\/\/singout.brussels\/wp-content\/uploads\/2021\/10\/SINGOUT_LOGO2_RGB_OK1-White-1024x768.png\" \/>\n<meta name=\"twitter:card\" content=\"summary_large_image\" \/>\n<script type=\"application\/ld+json\" class=\"yoast-schema-graph\">{\"@context\":\"https:\/\/schema.org\",\"@graph\":[{\"@type\":\"WebPage\",\"@id\":\"https:\/\/singout.brussels\/fr\/nous-engager\/\",\"url\":\"https:\/\/singout.brussels\/fr\/nous-engager\/\",\"name\":\"Nous Engager - Sing Out Brussels!\",\"isPartOf\":{\"@id\":\"https:\/\/singout.brussels\/#website\"},\"datePublished\":\"2021-10-25T18:45:53+00:00\",\"dateModified\":\"2021-10-29T13:21:06+00:00\",\"breadcrumb\":{\"@id\":\"https:\/\/singout.brussels\/fr\/nous-engager\/#breadcrumb\"},\"inLanguage\":\"fr-FR\",\"potentialAction\":[{\"@type\":\"ReadAction\",\"target\":[\"https:\/\/singout.brussels\/fr\/nous-engager\/\"]}]},{\"@type\":\"BreadcrumbList\",\"@id\":\"https:\/\/singout.brussels\/fr\/nous-engager\/#breadcrumb\",\"itemListElement\":[{\"@type\":\"ListItem\",\"position\":1,\"name\":\"Home\",\"item\":\"https:\/\/singout.brussels\/fr\/\"},{\"@type\":\"ListItem\",\"position\":2,\"name\":\"Nous Engager\"}]},{\"@type\":\"WebSite\",\"@id\":\"https:\/\/singout.brussels\/#website\",\"url\":\"https:\/\/singout.brussels\/\",\"name\":\"Sing Out Brussels!\",\"description\":\"The Fabulous Queer Choir of Brussels\",\"publisher\":{\"@id\":\"https:\/\/singout.brussels\/#organization\"},\"potentialAction\":[{\"@type\":\"SearchAction\",\"target\":{\"@type\":\"EntryPoint\",\"urlTemplate\":\"https:\/\/singout.brussels\/?s={search_term_string}\"},\"query-input\":\"required name=search_term_string\"}],\"inLanguage\":\"fr-FR\"},{\"@type\":\"Organization\",\"@id\":\"https:\/\/singout.brussels\/#organization\",\"name\":\"Sing Out Brussels!\",\"url\":\"https:\/\/singout.brussels\/\",\"logo\":{\"@type\":\"ImageObject\",\"inLanguage\":\"fr-FR\",\"@id\":\"https:\/\/singout.brussels\/#\/schema\/logo\/image\/\",\"url\":\"https:\/\/singout.brussels\/wp-content\/uploads\/2021\/10\/logo-32-32.png\",\"contentUrl\":\"https:\/\/singout.brussels\/wp-content\/uploads\/2021\/10\/logo-32-32.png\",\"width\":3286,\"height\":717,\"caption\":\"Sing Out Brussels!\"},\"image\":{\"@id\":\"https:\/\/singout.brussels\/#\/schema\/logo\/image\/\"}}]}<\/script>\n<!-- \/ Yoast SEO plugin. -->","yoast_head_json":{"title":"Nous Engager - Sing Out Brussels!","robots":{"index":"index","follow":"follow","max-snippet":"max-snippet:-1","max-image-preview":"max-image-preview:large","max-video-preview":"max-video-preview:-1"},"canonical":"https:\/\/singout.brussels\/fr\/nous-engager\/","og_locale":"fr_FR","og_type":"article","og_title":"Nous Engager - Sing Out Brussels!","og_description":"NOUS ENGAGER Vous organisez un \u00e9v\u00e9nement, un festival, un concert ? Vous cherchez une chorale originale pour animer votre mariage ? Nous participerons avec plaisir \u00e0 tout \u00e9v\u00e9nement permettant de faire conna\u00eetre notre projet et nos valeurs, si notre agenda le permet. Nous proposons des conditions adapt\u00e9es tout en veillant \u00e0 garantir le remboursement de&hellip; Poursuivre la lecture Nous Engager","og_url":"https:\/\/singout.brussels\/fr\/nous-engager\/","og_site_name":"Sing Out Brussels!","article_modified_time":"2021-10-29T13:21:06+00:00","og_image":[{"url":"https:\/\/singout.brussels\/wp-content\/uploads\/2021\/10\/SINGOUT_LOGO2_RGB_OK1-White-1024x768.png"}],"twitter_card":"summary_large_image","schema":{"@context":"https:\/\/schema.org","@graph":[{"@type":"WebPage","@id":"https:\/\/singout.brussels\/fr\/nous-engager\/","url":"https:\/\/singout.brussels\/fr\/nous-engager\/","name":"Nous Engager - Sing Out Brussels!","isPartOf":{"@id":"https:\/\/singout.brussels\/#website"},"datePublished":"2021-10-25T18:45:53+00:00","dateModified":"2021-10-29T13:21:06+00:00","breadcrumb":{"@id":"https:\/\/singout.brussels\/fr\/nous-engager\/#breadcrumb"},"inLanguage":"fr-FR","potentialAction":[{"@type":"ReadAction","target":["https:\/\/singout.brussels\/fr\/nous-engager\/"]}]},{"@type":"BreadcrumbList","@id":"https:\/\/singout.brussels\/fr\/nous-engager\/#breadcrumb","itemListElement":[{"@type":"ListItem","position":1,"name":"Home","item":"https:\/\/singout.brussels\/fr\/"},{"@type":"ListItem","position":2,"name":"Nous Engager"}]},{"@type":"WebSite","@id":"https:\/\/singout.brussels\/#website","url":"https:\/\/singout.brussels\/","name":"Sing Out Brussels!","description":"The Fabulous Queer Choir of Brussels","publisher":{"@id":"https:\/\/singout.brussels\/#organization"},"potentialAction":[{"@type":"SearchAction","target":{"@type":"EntryPoint","urlTemplate":"https:\/\/singout.brussels\/?s={search_term_string}"},"query-input":"required name=search_term_string"}],"inLanguage":"fr-FR"},{"@type":"Organization","@id":"https:\/\/singout.brussels\/#organization","name":"Sing Out Brussels!","url":"https:\/\/singout.brussels\/","logo":{"@type":"ImageObject","inLanguage":"fr-FR","@id":"https:\/\/singout.brussels\/#\/schema\/logo\/image\/","url":"https:\/\/singout.brussels\/wp-content\/uploads\/2021\/10\/logo-32-32.png","contentUrl":"https:\/\/singout.brussels\/wp-content\/uploads\/2021\/10\/logo-32-32.png","width":3286,"height":717,"caption":"Sing Out Brussels!"},"image":{"@id":"https:\/\/singout.brussels\/#\/schema\/logo\/image\/"}}]}},"_links":{"self":[{"href":"https:\/\/singout.brussels\/fr\/wp-json\/wp\/v2\/pages\/679","targetHints":{"allow":["GET"]}}],"collection":[{"href":"https:\/\/singout.brussels\/fr\/wp-json\/wp\/v2\/pages"}],"about":[{"href":"https:\/\/singout.brussels\/fr\/wp-json\/wp\/v2\/types\/page"}],"author":[{"embeddable":true,"href":"https:\/\/singout.brussels\/fr\/wp-json\/wp\/v2\/users\/1"}],"replies":[{"embeddable":true,"href":"https:\/\/singout.brussels\/fr\/wp-json\/wp\/v2\/comments?post=679"}],"version-history":[{"count":7,"href":"https:\/\/singout.brussels\/fr\/wp-json\/wp\/v2\/pages\/679\/revisions"}],"predecessor-version":[{"id":1599,"href":"https:\/\/singout.brussels\/fr\/wp-json\/wp\/v2\/pages\/679\/revisions\/1599"}],"wp:attachment":[{"href":"https:\/\/singout.brussels\/fr\/wp-json\/wp\/v2\/media?parent=679"}],"curies":[{"name":"wp","href":"https:\/\/api.w.org\/{rel}","templated":true}]}}