{"id":689,"date":"2021-10-25T20:53:23","date_gmt":"2021-10-25T18:53:23","guid":{"rendered":"https:\/\/singout.brussels\/?page_id=689"},"modified":"2026-03-21T10:09:24","modified_gmt":"2026-03-21T09:09:24","slug":"various-voices-2026-fr","status":"publish","type":"page","link":"https:\/\/singout.brussels\/fr\/various-voices-2026-fr\/","title":{"rendered":"Various Voices 2026"},"content":{"rendered":"\n<div class=\"wp-block-cover alignfull\"><span aria-hidden=\"true\" class=\"wp-block-cover__background has-background-dim-100 has-background-dim\" style=\"background-color:#ff2900\"><\/span><div class=\"wp-block-cover__inner-container is-layout-flow wp-block-cover-is-layout-flow\">\n<h1 class=\"wp-block-heading has-text-align-center\"><meta charset=\"utf-8\">Sing Out Brussels! organisera le festival des chorales LGBTQ+ europ\u00e9ennes Various Voices en 2026<\/h1>\n\n\n\n<div class=\"wp-block-buttons is-content-justification-center is-layout-flex wp-container-core-buttons-is-layout-16018d1d wp-block-buttons-is-layout-flex\">\n<div class=\"wp-block-button\"><a class=\"wp-block-button__link wp-element-button\" href=\"https:\/\/various-voices.be\/fr\/accueil\/\" target=\"_blank\" rel=\"noreferrer noopener\">site officiel du festival Various Voices 2026<\/a><\/div>\n<\/div>\n<\/div><\/div>\n\n\n\n<div class=\"wp-block-group alignfull has-white-color has-text-color has-background\" style=\"background-color:#ff2900\"><div class=\"wp-block-group__inner-container is-layout-flow wp-block-group-is-layout-flow\">\n<p><a href=\"https:\/\/singout.brussels\/2021\/10\/30\/le-festival-international-des-chorales-lgbtqi-various-voices-aura-lieu-a-bruxelles-en-2026\/?lang=fr\">Lire le communiqu\u00e9 de presse<\/a> <\/p>\n\n\n\n<p>Bruxelles est une ville \u00e0 l\u2019esprit ouvert, dans un pays toujours \u00e0 la pointe des droits LGBTQ+ et class\u00e9 deuxi\u00e8me dans l\u2019ILGA-Europe Rainbow Index 2021. En chantant ensemble dans la capitale des 500 millions de citoyen.nes europ\u00e9en.nes, nous d\u00e9livrerons un message fort et un signal fort \u00e0 destination des pays o\u00f9 notre communaut\u00e9 est confront\u00e9e \u00e0 des attaques r\u00e9p\u00e9t\u00e9es.<\/p>\n\n\n\n<p>Various Voices Bruxelles 2026 sera un festival joyeux, avec beaucoup de bons moments partag\u00e9s. Mais pourquoi devrait-on attendre 2026 pour s\u2019amuser avec nos ami.es ? D\u00e8s que Various Voices Bologna 2023 sera termin\u00e9, nous commencerons \u00e0 impliquer toustes les membres de la chorale Legato dans le processus cr\u00e9atif du festival 2026. Nous susciterons des jumelages de chorales pour des r\u00e9p\u00e9titions en ligne ou des collaborations live. Nous cr\u00e9erons ensemble les principaux spectacles du festival \u00e0 travers des rencontres virtuelles pour s\u00e9lectionner le r\u00e9pertoire, partager des partitions ou \u00e9crire des scripts. Deux spectacles joueront de mani\u00e8re ludique avec la culture et les st\u00e9r\u00e9otypes belges : \u00ab Kings &amp; Queens of Belgium \u00bb parce que nous voulons faire de la Belgique un royaume queer ; et \u00ab La trahison des images \u00bb pour regarder au-del\u00e0 des apparences, comme dans l\u2019\u0153uvre du peintre surr\u00e9aliste belge Magritte. Le point culminant du festival sera la soir\u00e9e \u00ab Let Your Heart Be Heard \u00bb, en plein air pr\u00e8s du Parlement europ\u00e9en. Ce concert illustrera notre histoire et le combat pour nos droits. \u00c0 la fin, nous interpr\u00e9terons ensemble une \u0153uvre chorale LGBTQ+ g\u00e9ante compos\u00e9e pour le festival.<\/p>\n\n\n\n<figure class=\"wp-block-embed is-type-video is-provider-youtube wp-block-embed-youtube wp-embed-aspect-16-9 wp-has-aspect-ratio\"><div class=\"wp-block-embed__wrapper\">\n<iframe loading=\"lazy\" title=\"Introducing Various Voices Brussels 2026\" width=\"1000\" height=\"563\" src=\"https:\/\/www.youtube.com\/embed\/mMa97Ph9DUg?feature=oembed\" frameborder=\"0\" allow=\"accelerometer; autoplay; clipboard-write; encrypted-media; gyroscope; picture-in-picture; web-share\" referrerpolicy=\"strict-origin-when-cross-origin\" allowfullscreen><\/iframe>\n<\/div><\/figure>\n\n\n\n<p>Various Voices Brussels 2026 sera \u00e9galement un festival engag\u00e9 pour les 17 objectifs de d\u00e9veloppement durable des Nations Unies : socialement, \u00e9cologiquement et \u00e9conomiquement durable ; compris; accessible; avec z\u00e9ro empreinte carbone.<\/p>\n\n\n\n<p>Alors, quel est le meilleur endroit pour le prochain festival ? Bruxelles, bien s\u00fbr ! Travaillons ensemble pour cr\u00e9er un festival extraordinaire ! Sing Out Brussels! (The Fabulous Queer Choir) a h\u00e2te de vous accueillir dans le c\u0153ur vibrant de l\u2019Europe, et de vous faire d\u00e9couvrir le fabuleux accueil et la chaleur de ses habitant.es !<\/p>\n\n\n\n<div class=\"wp-block-media-text alignwide is-stacked-on-mobile\"><figure class=\"wp-block-media-text__media\"><img loading=\"lazy\" decoding=\"async\" width=\"1024\" height=\"539\" src=\"https:\/\/singout.brussels\/wp-content\/uploads\/2021\/11\/Full-logo-slogan-date-1024x539.jpg\" alt=\"\" class=\"wp-image-1780 size-full\" srcset=\"https:\/\/singout.brussels\/wp-content\/uploads\/2021\/11\/Full-logo-slogan-date-1024x539.jpg 1024w, https:\/\/singout.brussels\/wp-content\/uploads\/2021\/11\/Full-logo-slogan-date-300x158.jpg 300w, https:\/\/singout.brussels\/wp-content\/uploads\/2021\/11\/Full-logo-slogan-date-768x404.jpg 768w, https:\/\/singout.brussels\/wp-content\/uploads\/2021\/11\/Full-logo-slogan-date-1536x808.jpg 1536w, https:\/\/singout.brussels\/wp-content\/uploads\/2021\/11\/Full-logo-slogan-date-2048x1077.jpg 2048w, https:\/\/singout.brussels\/wp-content\/uploads\/2021\/11\/Full-logo-slogan-date-1568x825.jpg 1568w\" sizes=\"auto, (max-width: 1024px) 100vw, 1024px\" \/><\/figure><div class=\"wp-block-media-text__content\">\n<p class=\"has-large-font-size\"><a href=\"https:\/\/singout.brussels\/fr\/vv26brussels-fr\/\" target=\"_blank\" rel=\"noreferrer noopener\">Lire notre dossier de candidature <\/a><\/p>\n<\/div><\/div>\n\n\n\n<p>Le festival Various Voices est produit sous licence de Legato, l&rsquo;Association europ\u00e9enne des chorales LGBTQ+. <\/p>\n\n\n\n<p><strong>Dans la presse :<\/strong> <\/p>\n\n\n\n<p>RTBF &#8211; <a href=\"https:\/\/www.rtbf.be\/info\/societe\/detail_le-festival-des-chorales-lgbtqi-various-voices-se-tiendra-a-bruxelles-en-2026?id=10870484\">Le festival des chorales LGBTQI+ \u00ab\u00a0Various Voices\u00a0\u00bb se tiendra \u00e0 Bruxelles en 2026<\/a><\/p>\n\n\n\n<p>Bruzz &#8211; <a href=\"https:\/\/www.bruzz.be\/culture\/music-nightlife\/internationaal-festival-voor-holebikoren-komt-naar-brussel-2021-10-30\">Internationaal festival voor holebikoren komt naar Brussel<\/a>&nbsp;&nbsp;&nbsp;<\/p>\n\n\n\n<p>Ket-Magazine \u2013 <a href=\"https:\/\/ket.brussels\/2021\/11\/09\/brussels-is-ready-to-hit-the-high-notes-with-a-major-queer-choir-festival\/\">Brussels is ready to hit the hig notes with a major queer festival<\/a><\/p>\n<\/div><\/div>\n\n\n\n<div class=\"wp-block-group alignfull sob-center has-background\" style=\"background-color:#ff2900\"><div class=\"wp-block-group__inner-container is-layout-flow wp-block-group-is-layout-flow\"><div class=\"wp-block-image\">\n<figure class=\"aligncenter size-large is-resized\"><img loading=\"lazy\" decoding=\"async\" width=\"1024\" height=\"768\" src=\"https:\/\/singout.brussels\/wp-content\/uploads\/2021\/10\/SINGOUT_LOGO2_RGB_OK1-White-1024x768.png\" alt=\"Sing Out Logo White\" class=\"wp-image-461\" style=\"width:512px;height:384px\" srcset=\"https:\/\/singout.brussels\/wp-content\/uploads\/2021\/10\/SINGOUT_LOGO2_RGB_OK1-White-1024x768.png 1024w, https:\/\/singout.brussels\/wp-content\/uploads\/2021\/10\/SINGOUT_LOGO2_RGB_OK1-White-300x225.png 300w, https:\/\/singout.brussels\/wp-content\/uploads\/2021\/10\/SINGOUT_LOGO2_RGB_OK1-White-768x576.png 768w, https:\/\/singout.brussels\/wp-content\/uploads\/2021\/10\/SINGOUT_LOGO2_RGB_OK1-White-1536x1152.png 1536w, https:\/\/singout.brussels\/wp-content\/uploads\/2021\/10\/SINGOUT_LOGO2_RGB_OK1-White-2048x1536.png 2048w, https:\/\/singout.brussels\/wp-content\/uploads\/2021\/10\/SINGOUT_LOGO2_RGB_OK1-White-1568x1176.png 1568w\" sizes=\"auto, (max-width: 1024px) 100vw, 1024px\" \/><\/figure>\n<\/div>\n\n\n<h2 class=\"wp-block-heading has-text-align-center has-white-color has-text-color\">Abonne-toi \u00e0 notre newsletter <\/h2>\n\n\n<script>(function() {\n\twindow.mc4wp = window.mc4wp || {\n\t\tlisteners: [],\n\t\tforms: {\n\t\t\ton: function(evt, cb) {\n\t\t\t\twindow.mc4wp.listeners.push(\n\t\t\t\t\t{\n\t\t\t\t\t\tevent   : evt,\n\t\t\t\t\t\tcallback: cb\n\t\t\t\t\t}\n\t\t\t\t);\n\t\t\t}\n\t\t}\n\t}\n})();\n<\/script><!-- Mailchimp for WordPress v4.11.1 - https:\/\/wordpress.org\/plugins\/mailchimp-for-wp\/ --><form id=\"mc4wp-form-1\" class=\"mc4wp-form mc4wp-form-580\" method=\"post\" data-id=\"580\" data-name=\"Subscribe to our mailing list !\" ><div class=\"mc4wp-form-fields\"><input type=\"email\" name=\"EMAIL\" placeholder=\"Your email address\" required \/>\r\n<input type=\"submit\" value=\"Sign up\" \/><\/div><label style=\"display: none !important;\">Laissez ce champ vide si vous \u00eates humain\u00a0: <input type=\"text\" name=\"_mc4wp_honeypot\" value=\"\" tabindex=\"-1\" autocomplete=\"off\" \/><\/label><input type=\"hidden\" name=\"_mc4wp_timestamp\" value=\"1777738166\" \/><input type=\"hidden\" name=\"_mc4wp_form_id\" value=\"580\" \/><input type=\"hidden\" name=\"_mc4wp_form_element_id\" value=\"mc4wp-form-1\" \/><div class=\"mc4wp-response\"><\/div><\/form><!-- \/ Mailchimp for WordPress Plugin -->\n<\/div><\/div>\n","protected":false},"excerpt":{"rendered":"<p>Lire le communiqu\u00e9 de presse Bruxelles est une ville \u00e0 l\u2019esprit ouvert, dans un pays toujours \u00e0 la pointe des droits LGBTQ+ et class\u00e9 deuxi\u00e8me dans l\u2019ILGA-Europe Rainbow Index 2021. En chantant ensemble dans la capitale des 500 millions de citoyen.nes europ\u00e9en.nes, nous d\u00e9livrerons un message fort et un signal fort \u00e0 destination des pays&hellip; <a class=\"more-link\" href=\"https:\/\/singout.brussels\/fr\/various-voices-2026-fr\/\">Poursuivre la lecture <span class=\"screen-reader-text\">Various Voices 2026<\/span><\/a><\/p>\n","protected":false},"author":1,"featured_media":0,"parent":0,"menu_order":0,"comment_status":"closed","ping_status":"closed","template":"tw-header-transparent.php","meta":{"footnotes":""},"class_list":["post-689","page","type-page","status-publish","hentry","entry"],"yoast_head":"<!-- This site is optimized with the Yoast SEO plugin v19.14 - https:\/\/yoast.com\/wordpress\/plugins\/seo\/ -->\n<title>Various Voices 2026 - Sing Out Brussels!<\/title>\n<meta name=\"robots\" content=\"index, follow, max-snippet:-1, max-image-preview:large, max-video-preview:-1\" \/>\n<link rel=\"canonical\" href=\"https:\/\/singout.brussels\/fr\/various-voices-2026-fr\/\" \/>\n<meta property=\"og:locale\" content=\"fr_FR\" \/>\n<meta property=\"og:type\" content=\"article\" \/>\n<meta property=\"og:title\" content=\"Various Voices 2026 - Sing Out Brussels!\" \/>\n<meta property=\"og:description\" content=\"Lire le communiqu\u00e9 de presse Bruxelles est une ville \u00e0 l\u2019esprit ouvert, dans un pays toujours \u00e0 la pointe des droits LGBTQ+ et class\u00e9 deuxi\u00e8me dans l\u2019ILGA-Europe Rainbow Index 2021. En chantant ensemble dans la capitale des 500 millions de citoyen.nes europ\u00e9en.nes, nous d\u00e9livrerons un message fort et un signal fort \u00e0 destination des pays&hellip; Poursuivre la lecture Various Voices 2026\" \/>\n<meta property=\"og:url\" content=\"https:\/\/singout.brussels\/fr\/various-voices-2026-fr\/\" \/>\n<meta property=\"og:site_name\" content=\"Sing Out Brussels!\" \/>\n<meta property=\"article:modified_time\" content=\"2026-03-21T09:09:24+00:00\" \/>\n<meta property=\"og:image\" content=\"https:\/\/singout.brussels\/wp-content\/uploads\/2021\/11\/Full-logo-slogan-date-1024x539.jpg\" \/>\n<meta name=\"twitter:card\" content=\"summary_large_image\" \/>\n<meta name=\"twitter:label1\" content=\"Dur\u00e9e de lecture estim\u00e9e\" \/>\n\t<meta name=\"twitter:data1\" content=\"3 minutes\" \/>\n<script type=\"application\/ld+json\" class=\"yoast-schema-graph\">{\"@context\":\"https:\/\/schema.org\",\"@graph\":[{\"@type\":\"WebPage\",\"@id\":\"https:\/\/singout.brussels\/fr\/various-voices-2026-fr\/\",\"url\":\"https:\/\/singout.brussels\/fr\/various-voices-2026-fr\/\",\"name\":\"Various Voices 2026 - Sing Out Brussels!\",\"isPartOf\":{\"@id\":\"https:\/\/singout.brussels\/#website\"},\"datePublished\":\"2021-10-25T18:53:23+00:00\",\"dateModified\":\"2026-03-21T09:09:24+00:00\",\"breadcrumb\":{\"@id\":\"https:\/\/singout.brussels\/fr\/various-voices-2026-fr\/#breadcrumb\"},\"inLanguage\":\"fr-FR\",\"potentialAction\":[{\"@type\":\"ReadAction\",\"target\":[\"https:\/\/singout.brussels\/fr\/various-voices-2026-fr\/\"]}]},{\"@type\":\"BreadcrumbList\",\"@id\":\"https:\/\/singout.brussels\/fr\/various-voices-2026-fr\/#breadcrumb\",\"itemListElement\":[{\"@type\":\"ListItem\",\"position\":1,\"name\":\"Home\",\"item\":\"https:\/\/singout.brussels\/fr\/\"},{\"@type\":\"ListItem\",\"position\":2,\"name\":\"Various Voices 2026\"}]},{\"@type\":\"WebSite\",\"@id\":\"https:\/\/singout.brussels\/#website\",\"url\":\"https:\/\/singout.brussels\/\",\"name\":\"Sing Out Brussels!\",\"description\":\"The Fabulous Queer Choir of Brussels\",\"publisher\":{\"@id\":\"https:\/\/singout.brussels\/#organization\"},\"potentialAction\":[{\"@type\":\"SearchAction\",\"target\":{\"@type\":\"EntryPoint\",\"urlTemplate\":\"https:\/\/singout.brussels\/?s={search_term_string}\"},\"query-input\":\"required name=search_term_string\"}],\"inLanguage\":\"fr-FR\"},{\"@type\":\"Organization\",\"@id\":\"https:\/\/singout.brussels\/#organization\",\"name\":\"Sing Out Brussels!\",\"url\":\"https:\/\/singout.brussels\/\",\"logo\":{\"@type\":\"ImageObject\",\"inLanguage\":\"fr-FR\",\"@id\":\"https:\/\/singout.brussels\/#\/schema\/logo\/image\/\",\"url\":\"https:\/\/singout.brussels\/wp-content\/uploads\/2021\/10\/logo-32-32.png\",\"contentUrl\":\"https:\/\/singout.brussels\/wp-content\/uploads\/2021\/10\/logo-32-32.png\",\"width\":3286,\"height\":717,\"caption\":\"Sing Out Brussels!\"},\"image\":{\"@id\":\"https:\/\/singout.brussels\/#\/schema\/logo\/image\/\"}}]}<\/script>\n<!-- \/ Yoast SEO plugin. -->","yoast_head_json":{"title":"Various Voices 2026 - Sing Out Brussels!","robots":{"index":"index","follow":"follow","max-snippet":"max-snippet:-1","max-image-preview":"max-image-preview:large","max-video-preview":"max-video-preview:-1"},"canonical":"https:\/\/singout.brussels\/fr\/various-voices-2026-fr\/","og_locale":"fr_FR","og_type":"article","og_title":"Various Voices 2026 - Sing Out Brussels!","og_description":"Lire le communiqu\u00e9 de presse Bruxelles est une ville \u00e0 l\u2019esprit ouvert, dans un pays toujours \u00e0 la pointe des droits LGBTQ+ et class\u00e9 deuxi\u00e8me dans l\u2019ILGA-Europe Rainbow Index 2021. En chantant ensemble dans la capitale des 500 millions de citoyen.nes europ\u00e9en.nes, nous d\u00e9livrerons un message fort et un signal fort \u00e0 destination des pays&hellip; Poursuivre la lecture Various Voices 2026","og_url":"https:\/\/singout.brussels\/fr\/various-voices-2026-fr\/","og_site_name":"Sing Out Brussels!","article_modified_time":"2026-03-21T09:09:24+00:00","og_image":[{"url":"https:\/\/singout.brussels\/wp-content\/uploads\/2021\/11\/Full-logo-slogan-date-1024x539.jpg"}],"twitter_card":"summary_large_image","twitter_misc":{"Dur\u00e9e de lecture estim\u00e9e":"3 minutes"},"schema":{"@context":"https:\/\/schema.org","@graph":[{"@type":"WebPage","@id":"https:\/\/singout.brussels\/fr\/various-voices-2026-fr\/","url":"https:\/\/singout.brussels\/fr\/various-voices-2026-fr\/","name":"Various Voices 2026 - Sing Out Brussels!","isPartOf":{"@id":"https:\/\/singout.brussels\/#website"},"datePublished":"2021-10-25T18:53:23+00:00","dateModified":"2026-03-21T09:09:24+00:00","breadcrumb":{"@id":"https:\/\/singout.brussels\/fr\/various-voices-2026-fr\/#breadcrumb"},"inLanguage":"fr-FR","potentialAction":[{"@type":"ReadAction","target":["https:\/\/singout.brussels\/fr\/various-voices-2026-fr\/"]}]},{"@type":"BreadcrumbList","@id":"https:\/\/singout.brussels\/fr\/various-voices-2026-fr\/#breadcrumb","itemListElement":[{"@type":"ListItem","position":1,"name":"Home","item":"https:\/\/singout.brussels\/fr\/"},{"@type":"ListItem","position":2,"name":"Various Voices 2026"}]},{"@type":"WebSite","@id":"https:\/\/singout.brussels\/#website","url":"https:\/\/singout.brussels\/","name":"Sing Out Brussels!","description":"The Fabulous Queer Choir of Brussels","publisher":{"@id":"https:\/\/singout.brussels\/#organization"},"potentialAction":[{"@type":"SearchAction","target":{"@type":"EntryPoint","urlTemplate":"https:\/\/singout.brussels\/?s={search_term_string}"},"query-input":"required name=search_term_string"}],"inLanguage":"fr-FR"},{"@type":"Organization","@id":"https:\/\/singout.brussels\/#organization","name":"Sing Out Brussels!","url":"https:\/\/singout.brussels\/","logo":{"@type":"ImageObject","inLanguage":"fr-FR","@id":"https:\/\/singout.brussels\/#\/schema\/logo\/image\/","url":"https:\/\/singout.brussels\/wp-content\/uploads\/2021\/10\/logo-32-32.png","contentUrl":"https:\/\/singout.brussels\/wp-content\/uploads\/2021\/10\/logo-32-32.png","width":3286,"height":717,"caption":"Sing Out Brussels!"},"image":{"@id":"https:\/\/singout.brussels\/#\/schema\/logo\/image\/"}}]}},"_links":{"self":[{"href":"https:\/\/singout.brussels\/fr\/wp-json\/wp\/v2\/pages\/689","targetHints":{"allow":["GET"]}}],"collection":[{"href":"https:\/\/singout.brussels\/fr\/wp-json\/wp\/v2\/pages"}],"about":[{"href":"https:\/\/singout.brussels\/fr\/wp-json\/wp\/v2\/types\/page"}],"author":[{"embeddable":true,"href":"https:\/\/singout.brussels\/fr\/wp-json\/wp\/v2\/users\/1"}],"replies":[{"embeddable":true,"href":"https:\/\/singout.brussels\/fr\/wp-json\/wp\/v2\/comments?post=689"}],"version-history":[{"count":23,"href":"https:\/\/singout.brussels\/fr\/wp-json\/wp\/v2\/pages\/689\/revisions"}],"predecessor-version":[{"id":7856,"href":"https:\/\/singout.brussels\/fr\/wp-json\/wp\/v2\/pages\/689\/revisions\/7856"}],"wp:attachment":[{"href":"https:\/\/singout.brussels\/fr\/wp-json\/wp\/v2\/media?parent=689"}],"curies":[{"name":"wp","href":"https:\/\/api.w.org\/{rel}","templated":true}]}}